{"id":811,"date":"2022-10-24T09:11:44","date_gmt":"2022-10-24T09:11:44","guid":{"rendered":"https:\/\/www.secrisa.es\/about\/"},"modified":"2024-01-31T12:21:26","modified_gmt":"2024-01-31T12:21:26","slug":"nosotros","status":"publish","type":"page","link":"https:\/\/www.secrisa.es\/es\/nosotros\/","title":{"rendered":"Nosotros"},"content":{"rendered":"<header class=\"c-slider__header o-container o-container--full\">\n    <h1 class=\"c-slider__head-title\">Nosotros<\/h1>\n  <\/header>\n<section id=\"\" class=\"c-slider js-slider alignfull\">\n  <div class=\"swiper-wrapper\">\n           <div class=\"swiper-slide c-slider__slide\">\n        <img loading=\"lazy\" decoding=\"async\" width=\"1921\" height=\"1022\" src=\"https:\/\/www.secrisa.es\/wp-content\/uploads\/2023\/08\/1991.png\" class=\"c-slider__image js-image\" alt=\"\" srcset=\"https:\/\/www.secrisa.es\/wp-content\/uploads\/2023\/08\/1991.png 1921w, https:\/\/www.secrisa.es\/wp-content\/uploads\/2023\/08\/1991-300x160.png 300w, https:\/\/www.secrisa.es\/wp-content\/uploads\/2023\/08\/1991-1024x545.png 1024w, https:\/\/www.secrisa.es\/wp-content\/uploads\/2023\/08\/1991-768x409.png 768w, https:\/\/www.secrisa.es\/wp-content\/uploads\/2023\/08\/1991-1536x817.png 1536w\" sizes=\"auto, (max-width: 1921px) 100vw, 1921px\" \/>\n        <div class=\"c-slider__content\">\n          <h2 class=\"c-slider__title js-title\">1991<\/h2>\n          <div class=\"c-slider__text js-text\">\n            <p>Secrisa tiene su sede en Valladolid (Espa\u00f1a) con la misi\u00f3n de producir vidrio de alta calidad mediante la exploraci\u00f3n de t\u00e9cnicas de vanguardia.<\/p>\n\n          <\/div>\n        <\/div>\n      <\/div>\n           <div class=\"swiper-slide c-slider__slide\">\n        <img loading=\"lazy\" decoding=\"async\" width=\"2700\" height=\"1440\" src=\"https:\/\/www.secrisa.es\/wp-content\/uploads\/2023\/08\/1993-1997@2x-1-2700x1440.png\" class=\"c-slider__image js-image\" alt=\"\" srcset=\"https:\/\/www.secrisa.es\/wp-content\/uploads\/2023\/08\/1993-1997@2x-1-2700x1440.png 2700w, https:\/\/www.secrisa.es\/wp-content\/uploads\/2023\/08\/1993-1997@2x-1-300x160.png 300w, https:\/\/www.secrisa.es\/wp-content\/uploads\/2023\/08\/1993-1997@2x-1-1024x546.png 1024w, https:\/\/www.secrisa.es\/wp-content\/uploads\/2023\/08\/1993-1997@2x-1-768x410.png 768w, https:\/\/www.secrisa.es\/wp-content\/uploads\/2023\/08\/1993-1997@2x-1-1536x819.png 1536w, https:\/\/www.secrisa.es\/wp-content\/uploads\/2023\/08\/1993-1997@2x-1-2048x1092.png 2048w\" sizes=\"auto, (max-width: 2700px) 100vw, 2700px\" \/>\n        <div class=\"c-slider__content\">\n          <h2 class=\"c-slider__title js-title\">1993-1997<\/h2>\n          <div class=\"c-slider__text js-text\">\n            <p>La empresa se centr\u00f3 especialmente en la producci\u00f3n de vidrio impreso con \u00e1cido, principalmente para el sector bancario, aunque tambi\u00e9n ofrec\u00eda otros productos, como vidrio curvado. Algunos de los clientes m\u00e1s significativos de este per\u00edodo fueron Argentaria (actual BBVA), Banco Popular (actual Banco Santander), Athena, BCH y Banco Santander, aunque la lista no se limitaba solo a bancos y compa\u00f1\u00edas de seguros, ya que Secrisa tambi\u00e9n trabajaba para empresas como Tabacalera, RIU o Tryp.<\/p>\n\n          <\/div>\n        <\/div>\n      <\/div>\n           <div class=\"swiper-slide c-slider__slide\">\n        <img loading=\"lazy\" decoding=\"async\" width=\"2700\" height=\"1440\" src=\"https:\/\/www.secrisa.es\/wp-content\/uploads\/2023\/08\/1998-2008@2x-2700x1440.png\" class=\"c-slider__image js-image\" alt=\"\" srcset=\"https:\/\/www.secrisa.es\/wp-content\/uploads\/2023\/08\/1998-2008@2x-2700x1440.png 2700w, https:\/\/www.secrisa.es\/wp-content\/uploads\/2023\/08\/1998-2008@2x-300x160.png 300w, https:\/\/www.secrisa.es\/wp-content\/uploads\/2023\/08\/1998-2008@2x-1024x546.png 1024w, https:\/\/www.secrisa.es\/wp-content\/uploads\/2023\/08\/1998-2008@2x-768x410.png 768w, https:\/\/www.secrisa.es\/wp-content\/uploads\/2023\/08\/1998-2008@2x-1536x819.png 1536w, https:\/\/www.secrisa.es\/wp-content\/uploads\/2023\/08\/1998-2008@2x-2048x1092.png 2048w\" sizes=\"auto, (max-width: 2700px) 100vw, 2700px\" \/>\n        <div class=\"c-slider__content\">\n          <h2 class=\"c-slider__title js-title\">1998-2008<\/h2>\n          <div class=\"c-slider__text js-text\">\n            <p>La desaceleraci\u00f3n en la apertura de nuevas sucursales bancarias llev\u00f3 a Secrisa a cambiar a nuevos mercados, donde colaboramos con arquitectos de primera categor\u00eda en la construcci\u00f3n de teatros, estaciones, museos e incluso parlamentos. Secrisa dej\u00f3 de comercializar vidrio impreso con \u00e1cido y vidrio curvado, y enfoc\u00f3 su producci\u00f3n en vidrio laminado, dando origen a Secritex\u00ae. Durante este per\u00edodo, Secrisa abri\u00f3 una segunda f\u00e1brica en La Habana (Cuba), con el objetivo de atender a la industria hotelera en la isla y obtuvo la certificaci\u00f3n UNE-ENISO-9001:2000, siendo la primera empresa espa\u00f1ola en la industria de fabricaci\u00f3n de vidrio en conseguirla.<\/p>\n\n          <\/div>\n        <\/div>\n      <\/div>\n           <div class=\"swiper-slide c-slider__slide\">\n        <img loading=\"lazy\" decoding=\"async\" width=\"2700\" height=\"1440\" src=\"https:\/\/www.secrisa.es\/wp-content\/uploads\/2023\/08\/2009-2016@2x-2700x1440.png\" class=\"c-slider__image js-image\" alt=\"\" srcset=\"https:\/\/www.secrisa.es\/wp-content\/uploads\/2023\/08\/2009-2016@2x-2700x1440.png 2700w, https:\/\/www.secrisa.es\/wp-content\/uploads\/2023\/08\/2009-2016@2x-300x160.png 300w, https:\/\/www.secrisa.es\/wp-content\/uploads\/2023\/08\/2009-2016@2x-1024x546.png 1024w, https:\/\/www.secrisa.es\/wp-content\/uploads\/2023\/08\/2009-2016@2x-768x410.png 768w, https:\/\/www.secrisa.es\/wp-content\/uploads\/2023\/08\/2009-2016@2x-1536x819.png 1536w, https:\/\/www.secrisa.es\/wp-content\/uploads\/2023\/08\/2009-2016@2x-2048x1092.png 2048w\" sizes=\"auto, (max-width: 2700px) 100vw, 2700px\" \/>\n        <div class=\"c-slider__content\">\n          <h2 class=\"c-slider__title js-title\">2009-2016<\/h2>\n          <div class=\"c-slider__text js-text\">\n            <p>La burbuja inmobiliaria espa\u00f1ola estall\u00f3 y Secrisa se adapt\u00f3 a las nuevas condiciones del mercado desarrollando nuevos acabados y productos, traslad\u00e1ndose a una nueva instalaci\u00f3n de producci\u00f3n, invirtiendo en maquinaria nueva y centr\u00e1ndose en atender a la industria minorista. Durante este per\u00edodo, una parte significativa de nuestra producci\u00f3n se destin\u00f3 a suministrar al Grupo Inditex en su expansi\u00f3n a nivel mundial, aunque tambi\u00e9n trabajamos para otros clientes de la industria de la moda, como Mango o Loewe.<\/p>\n\n          <\/div>\n        <\/div>\n      <\/div>\n           <div class=\"swiper-slide c-slider__slide\">\n        <img loading=\"lazy\" decoding=\"async\" width=\"2700\" height=\"1440\" src=\"https:\/\/www.secrisa.es\/wp-content\/uploads\/2023\/08\/2016-2020@2x-2700x1440.png\" class=\"c-slider__image js-image\" alt=\"\" srcset=\"https:\/\/www.secrisa.es\/wp-content\/uploads\/2023\/08\/2016-2020@2x-2700x1440.png 2700w, https:\/\/www.secrisa.es\/wp-content\/uploads\/2023\/08\/2016-2020@2x-300x160.png 300w, https:\/\/www.secrisa.es\/wp-content\/uploads\/2023\/08\/2016-2020@2x-1024x546.png 1024w, https:\/\/www.secrisa.es\/wp-content\/uploads\/2023\/08\/2016-2020@2x-768x410.png 768w, https:\/\/www.secrisa.es\/wp-content\/uploads\/2023\/08\/2016-2020@2x-1536x819.png 1536w, https:\/\/www.secrisa.es\/wp-content\/uploads\/2023\/08\/2016-2020@2x-2048x1092.png 2048w\" sizes=\"auto, (max-width: 2700px) 100vw, 2700px\" \/>\n        <div class=\"c-slider__content\">\n          <h2 class=\"c-slider__title js-title\">2016-2020<\/h2>\n          <div class=\"c-slider__text js-text\">\n            <p>A medida que nuestro contrato con el gobierno cubano lleg\u00f3 a su fin, suspendimos nuestras operaciones en el Caribe. Sin embargo, Secrisa continu\u00f3 sirviendo a la industria hotelera, en este caso en Europa, ofreciendo nuevos productos m\u00e1s adecuados para el dise\u00f1o interior. Durante este per\u00edodo, trabajamos para clientes como NH, RIU, Barcel\u00f3, Grupo Hotusa, OD Hoteles, Grupo Fiesta, Meli\u00e1, Radisson y Burger King.<\/p>\n\n          <\/div>\n        <\/div>\n      <\/div>\n      <\/div>\n  <div class=\"swiper-pagination\"><\/div>\n<\/section>\n\n\n<section id=\"\" class=\"c-marquee alignfull\">\n  <h2 class=\"c-marquee__text js-marquee\">Vidrio excepcional para proyectos impresionantes Vidrio excepcional para proyectos impresionantes Vidrio excepcional para proyectos impresionantes Vidrio excepcional para proyectos impresionantes<\/marquee>\n<\/section>\n\n\n<section id=\"\" class=\"c-form alignfull\" style=\"--form-background-color: #bbaa94;\n        --form-color: #fff;\">\n  <div class=\"c-form__wrapper o-container\" data-animate=\"fade-up\">\n    <h3 class=\"c-form__pretitle\">Cont\u00e1ctanos<\/h3>\n    <div class=\"c-form__content\">\n      <h4 class=\"c-form__title\">Nos alegra hablar contigo<\/h4>\n      <div class=\"c-form__text\">\n        <p>Dejemos atr\u00e1s las llamadas fr\u00edas y desatendidas con m\u00fasica molesta de fondo. Nos dedicamos a trabajar diariamente para brindar asistencia, recomendaciones y orientaci\u00f3n a nuestros clientes con el objetivo de satisfacer sus necesidades de manera profesional y eficiente.<\/p>\n\n<div class=\"wpcf7 no-js\" id=\"wpcf7-f118-o1\" lang=\"en-US\" dir=\"ltr\">\n<div class=\"screen-reader-response\"><p role=\"status\" aria-live=\"polite\" aria-atomic=\"true\"><\/p> <ul><\/ul><\/div>\n<form action=\"\/es\/wp-json\/wp\/v2\/pages\/811#wpcf7-f118-o1\" method=\"post\" class=\"wpcf7-form init\" aria-label=\"Contact form\" novalidate=\"novalidate\" data-status=\"init\">\n<div style=\"display: none;\">\n<input type=\"hidden\" name=\"_wpcf7\" value=\"118\" \/>\n<input type=\"hidden\" name=\"_wpcf7_version\" value=\"5.8.7\" \/>\n<input type=\"hidden\" name=\"_wpcf7_locale\" value=\"en_US\" \/>\n<input type=\"hidden\" name=\"_wpcf7_unit_tag\" value=\"wpcf7-f118-o1\" \/>\n<input type=\"hidden\" name=\"_wpcf7_container_post\" value=\"0\" \/>\n<input type=\"hidden\" name=\"_wpcf7_posted_data_hash\" value=\"\" \/>\n<\/div>\n<p><span class=\"wpcf7-form-control-wrap\" data-name=\"your-name\"><input size=\"40\" class=\"wpcf7-form-control wpcf7-text wpcf7-validates-as-required\" aria-required=\"true\" aria-invalid=\"false\" placeholder=\"Name\" value=\"\" type=\"text\" name=\"your-name\" \/><\/span>\n<\/p>\n<p><span class=\"wpcf7-form-control-wrap\" data-name=\"your-email\"><input size=\"40\" class=\"wpcf7-form-control wpcf7-email wpcf7-validates-as-required wpcf7-text wpcf7-validates-as-email\" aria-required=\"true\" aria-invalid=\"false\" placeholder=\"Email\" value=\"\" type=\"email\" name=\"your-email\" \/><\/span>\n<\/p>\n<p><span class=\"wpcf7-form-control-wrap\" data-name=\"your-message\"><textarea cols=\"40\" rows=\"10\" class=\"wpcf7-form-control wpcf7-textarea\" aria-invalid=\"false\" placeholder=\"Concept\" name=\"your-message\"><\/textarea><\/span>\n<\/p>\n<p><input class=\"wpcf7-form-control wpcf7-submit has-spinner\" type=\"submit\" value=\"Send\" \/>\n<\/p><div class=\"wpcf7-response-output\" aria-hidden=\"true\"><\/div>\n<\/form>\n<\/div>\n\n\n      <\/div>\n              <div class=\"c-form__phone\">\n          <span class=\"c-form__phone-label\">Tel\u00e9fono<\/span>983 30 82 44 <svg xmlns=\"http:\/\/www.w3.org\/2000\/svg\" width=\"39\" height=\"39\" viewBox=\"0 0 39 39\" class=\"\">\n    <g fill=\"none\" fill-rule=\"evenodd\">\n        <path d=\"M38.085 29.48c-.709-.568-4.183-2.912-6.522-4.475-.709-.497-1.276-.852-1.56-1.065-.425-.285-.85-.427-1.204-.427-1.064 0-1.56.995-1.702 1.35-1.063 1.99-2.126 3.126-2.623 3.126-.85-.497-4.607-4.191-6.947-6.536-2.34-2.344-6.025-6.038-6.522-6.961v-.142c.213-.569 1.489-1.634 3.12-2.487.708-.355 1.134-.852 1.276-1.35.141-.497 0-.994-.426-1.562-.141-.213-.567-.781-.992-1.492-1.489-2.202-3.9-5.825-4.466-6.535C9.162.497 8.737 0 8.028 0c-.354 0-.709.142-1.205.284L6.61.355c-1.134.355-2.056.782-3.757 2.487C.443 5.257-1.4 8.382 1.435 15.06c2.552 6.038 9.216 12.716 9.5 13 .283.284 7.018 6.962 12.972 9.52 2.269.994 4.183 1.42 5.884 1.42 3.049 0 4.963-1.492 6.239-2.842 1.701-1.705 2.126-2.628 2.48-3.765l.072-.213c.495-.994.779-1.705-.497-2.7zm-.425 2.345-.071.213c-.284.853-.567 1.705-2.198 3.339-1.772 1.776-3.403 2.486-5.458 2.486-1.56 0-3.332-.426-5.459-1.35-5.812-2.486-12.547-9.234-12.618-9.305-.07-.071-6.805-6.82-9.286-12.645C.16 8.88 1.293 6.109 3.704 3.623c1.63-1.634 2.48-1.918 3.331-2.202l.213-.071c.355-.142.638-.213.78-.213.07 0 .213 0 .567.426.567.71 2.977 4.333 4.395 6.464.496.71.85 1.279.993 1.492.141.213.283.426.212.64-.07.213-.283.426-.708.639-.993.497-3.261 1.847-3.687 3.196-.141.356-.07.71.071 1.066.71 1.279 6.097 6.607 6.735 7.175.567.64 5.884 6.038 7.16 6.749.212.07.425.142.638.142 1.418 0 2.835-2.345 3.615-3.766.425-.781.709-.852 1.276-.497.284.142.85.569 1.56 1.066 2.126 1.42 5.742 3.836 6.45 4.404.638.498.638.569.355 1.492z\" fill=\"#FFF\" fill-rule=\"nonzero\"\/>\n    <\/g>\n<\/svg>\n        <\/div>\n          <\/div>\n  <\/div>\n<\/section>\n","protected":false},"excerpt":{"rendered":"","protected":false},"author":1,"featured_media":0,"parent":0,"menu_order":0,"comment_status":"closed","ping_status":"closed","template":"","meta":{"_acf_changed":false,"footnotes":""},"class_list":["post-811","page","type-page","status-publish","hentry"],"acf":[],"yoast_head":"<!-- This site is optimized with the Yoast SEO plugin v22.0 - https:\/\/yoast.com\/wordpress\/plugins\/seo\/ -->\n<title>Nosotros - Secrisa<\/title>\n<meta name=\"robots\" content=\"index, follow, max-snippet:-1, max-image-preview:large, max-video-preview:-1\" \/>\n<link rel=\"canonical\" href=\"https:\/\/www.secrisa.es\/es\/nosotros\/\" \/>\n<meta property=\"og:locale\" content=\"es_ES\" \/>\n<meta property=\"og:type\" content=\"article\" \/>\n<meta property=\"og:title\" content=\"Nosotros - Secrisa\" \/>\n<meta property=\"og:url\" content=\"https:\/\/www.secrisa.es\/es\/nosotros\/\" \/>\n<meta property=\"og:site_name\" content=\"Secrisa\" \/>\n<meta property=\"article:modified_time\" content=\"2024-01-31T12:21:26+00:00\" \/>\n<meta name=\"twitter:card\" content=\"summary_large_image\" \/>\n<script type=\"application\/ld+json\" class=\"yoast-schema-graph\">{\"@context\":\"https:\/\/schema.org\",\"@graph\":[{\"@type\":\"WebPage\",\"@id\":\"https:\/\/www.secrisa.es\/es\/nosotros\/\",\"url\":\"https:\/\/www.secrisa.es\/es\/nosotros\/\",\"name\":\"Nosotros - Secrisa\",\"isPartOf\":{\"@id\":\"https:\/\/www.secrisa.es\/es\/#website\"},\"datePublished\":\"2022-10-24T09:11:44+00:00\",\"dateModified\":\"2024-01-31T12:21:26+00:00\",\"breadcrumb\":{\"@id\":\"https:\/\/www.secrisa.es\/es\/nosotros\/#breadcrumb\"},\"inLanguage\":\"es\",\"potentialAction\":[{\"@type\":\"ReadAction\",\"target\":[\"https:\/\/www.secrisa.es\/es\/nosotros\/\"]}]},{\"@type\":\"BreadcrumbList\",\"@id\":\"https:\/\/www.secrisa.es\/es\/nosotros\/#breadcrumb\",\"itemListElement\":[{\"@type\":\"ListItem\",\"position\":1,\"name\":\"Home\",\"item\":\"https:\/\/www.secrisa.es\/es\/\"},{\"@type\":\"ListItem\",\"position\":2,\"name\":\"Nosotros\"}]},{\"@type\":\"WebSite\",\"@id\":\"https:\/\/www.secrisa.es\/es\/#website\",\"url\":\"https:\/\/www.secrisa.es\/es\/\",\"name\":\"Secrisa\",\"description\":\"Enabling artists to use glass as a canvas\",\"publisher\":{\"@id\":\"https:\/\/www.secrisa.es\/es\/#organization\"},\"potentialAction\":[{\"@type\":\"SearchAction\",\"target\":{\"@type\":\"EntryPoint\",\"urlTemplate\":\"https:\/\/www.secrisa.es\/es\/?s={search_term_string}\"},\"query-input\":\"required name=search_term_string\"}],\"inLanguage\":\"es\"},{\"@type\":\"Organization\",\"@id\":\"https:\/\/www.secrisa.es\/es\/#organization\",\"name\":\"Secrisa\",\"url\":\"https:\/\/www.secrisa.es\/es\/\",\"logo\":{\"@type\":\"ImageObject\",\"inLanguage\":\"es\",\"@id\":\"https:\/\/www.secrisa.es\/es\/#\/schema\/logo\/image\/\",\"url\":\"https:\/\/www.secrisa.es\/wp-content\/uploads\/2022\/10\/logo-secrisa@2x.png\",\"contentUrl\":\"https:\/\/www.secrisa.es\/wp-content\/uploads\/2022\/10\/logo-secrisa@2x.png\",\"width\":406,\"height\":48,\"caption\":\"Secrisa\"},\"image\":{\"@id\":\"https:\/\/www.secrisa.es\/es\/#\/schema\/logo\/image\/\"}}]}<\/script>\n<!-- \/ Yoast SEO plugin. -->","yoast_head_json":{"title":"Nosotros - Secrisa","robots":{"index":"index","follow":"follow","max-snippet":"max-snippet:-1","max-image-preview":"max-image-preview:large","max-video-preview":"max-video-preview:-1"},"canonical":"https:\/\/www.secrisa.es\/es\/nosotros\/","og_locale":"es_ES","og_type":"article","og_title":"Nosotros - Secrisa","og_url":"https:\/\/www.secrisa.es\/es\/nosotros\/","og_site_name":"Secrisa","article_modified_time":"2024-01-31T12:21:26+00:00","twitter_card":"summary_large_image","schema":{"@context":"https:\/\/schema.org","@graph":[{"@type":"WebPage","@id":"https:\/\/www.secrisa.es\/es\/nosotros\/","url":"https:\/\/www.secrisa.es\/es\/nosotros\/","name":"Nosotros - Secrisa","isPartOf":{"@id":"https:\/\/www.secrisa.es\/es\/#website"},"datePublished":"2022-10-24T09:11:44+00:00","dateModified":"2024-01-31T12:21:26+00:00","breadcrumb":{"@id":"https:\/\/www.secrisa.es\/es\/nosotros\/#breadcrumb"},"inLanguage":"es","potentialAction":[{"@type":"ReadAction","target":["https:\/\/www.secrisa.es\/es\/nosotros\/"]}]},{"@type":"BreadcrumbList","@id":"https:\/\/www.secrisa.es\/es\/nosotros\/#breadcrumb","itemListElement":[{"@type":"ListItem","position":1,"name":"Home","item":"https:\/\/www.secrisa.es\/es\/"},{"@type":"ListItem","position":2,"name":"Nosotros"}]},{"@type":"WebSite","@id":"https:\/\/www.secrisa.es\/es\/#website","url":"https:\/\/www.secrisa.es\/es\/","name":"Secrisa","description":"Enabling artists to use glass as a canvas","publisher":{"@id":"https:\/\/www.secrisa.es\/es\/#organization"},"potentialAction":[{"@type":"SearchAction","target":{"@type":"EntryPoint","urlTemplate":"https:\/\/www.secrisa.es\/es\/?s={search_term_string}"},"query-input":"required name=search_term_string"}],"inLanguage":"es"},{"@type":"Organization","@id":"https:\/\/www.secrisa.es\/es\/#organization","name":"Secrisa","url":"https:\/\/www.secrisa.es\/es\/","logo":{"@type":"ImageObject","inLanguage":"es","@id":"https:\/\/www.secrisa.es\/es\/#\/schema\/logo\/image\/","url":"https:\/\/www.secrisa.es\/wp-content\/uploads\/2022\/10\/logo-secrisa@2x.png","contentUrl":"https:\/\/www.secrisa.es\/wp-content\/uploads\/2022\/10\/logo-secrisa@2x.png","width":406,"height":48,"caption":"Secrisa"},"image":{"@id":"https:\/\/www.secrisa.es\/es\/#\/schema\/logo\/image\/"}}]}},"_links":{"self":[{"href":"https:\/\/www.secrisa.es\/es\/wp-json\/wp\/v2\/pages\/811","targetHints":{"allow":["GET"]}}],"collection":[{"href":"https:\/\/www.secrisa.es\/es\/wp-json\/wp\/v2\/pages"}],"about":[{"href":"https:\/\/www.secrisa.es\/es\/wp-json\/wp\/v2\/types\/page"}],"author":[{"embeddable":true,"href":"https:\/\/www.secrisa.es\/es\/wp-json\/wp\/v2\/users\/1"}],"replies":[{"embeddable":true,"href":"https:\/\/www.secrisa.es\/es\/wp-json\/wp\/v2\/comments?post=811"}],"version-history":[{"count":5,"href":"https:\/\/www.secrisa.es\/es\/wp-json\/wp\/v2\/pages\/811\/revisions"}],"predecessor-version":[{"id":817,"href":"https:\/\/www.secrisa.es\/es\/wp-json\/wp\/v2\/pages\/811\/revisions\/817"}],"wp:attachment":[{"href":"https:\/\/www.secrisa.es\/es\/wp-json\/wp\/v2\/media?parent=811"}],"curies":[{"name":"wp","href":"https:\/\/api.w.org\/{rel}","templated":true}]}}