{"id":826,"date":"2022-10-24T09:12:00","date_gmt":"2022-10-24T09:12:00","guid":{"rendered":"https:\/\/www.secrisa.es\/productos\/"},"modified":"2024-02-08T15:33:30","modified_gmt":"2024-02-08T15:33:30","slug":"productos","status":"publish","type":"page","link":"https:\/\/www.secrisa.es\/es\/productos\/","title":{"rendered":"Productos"},"content":{"rendered":"<section id=\"\" class=\"c-products alignfull\">\n  <div class=\"c-products__wrapper o-container\">\n    <h2 class=\"c-products__title\">Nuestros <br>Productos<\/h2>\n    <div class=\"c-products__grid\">\n             <article class=\"c-products__item\" data-animate=\"fade-up\">\n        <a target=\"\" href=\"https:\/\/www.secrisa.es\/products\/2006\/\"\n          class=\"c-products__item-image-link\">\n          <img loading=\"lazy\" decoding=\"async\" width=\"594\" height=\"558\" src=\"https:\/\/www.secrisa.es\/wp-content\/uploads\/2023\/01\/METAL_01.png\" class=\"c-products__item-image\" alt=\"\" data-ratio=\"20\" srcset=\"https:\/\/www.secrisa.es\/wp-content\/uploads\/2023\/01\/METAL_01.png 594w, https:\/\/www.secrisa.es\/wp-content\/uploads\/2023\/01\/METAL_01-300x282.png 300w\" sizes=\"auto, (max-width: 594px) 100vw, 594px\" \/>\n        <\/a>\n        <a target=\"\" href=\"https:\/\/www.secrisa.es\/products\/2006\/\"\n          class=\"c-products__item-link c-link-arrow\">\n          Secritex Metallic <span class=\"c-link-arrow__arrow\"><svg width=\"10\" viewBox=\"0 0 10.3 16.5\" class=\"\">\n  <polygon points=\"1.4,16.5 0,15.1 7.4,8.3 0,1.5 1.4,0 10.3,8.3 \"\/>\n<\/svg><\/span>\n        <\/a>\n      <\/article>\n             <article class=\"c-products__item\" data-animate=\"fade-up\">\n        <a target=\"\" href=\"https:\/\/www.secrisa.es\/products\/japan\/\"\n          class=\"c-products__item-image-link\">\n          <img loading=\"lazy\" decoding=\"async\" width=\"1024\" height=\"962\" src=\"https:\/\/www.secrisa.es\/wp-content\/uploads\/2022\/10\/4@2x-1-1024x962.jpg\" class=\"c-products__item-image\" alt=\"\" data-ratio=\"20\" srcset=\"https:\/\/www.secrisa.es\/wp-content\/uploads\/2022\/10\/4@2x-1-1024x962.jpg 1024w, https:\/\/www.secrisa.es\/wp-content\/uploads\/2022\/10\/4@2x-1-300x282.jpg 300w, https:\/\/www.secrisa.es\/wp-content\/uploads\/2022\/10\/4@2x-1-768x721.jpg 768w, https:\/\/www.secrisa.es\/wp-content\/uploads\/2022\/10\/4@2x-1.jpg 1188w\" sizes=\"auto, (max-width: 1024px) 100vw, 1024px\" \/>\n        <\/a>\n        <a target=\"\" href=\"https:\/\/www.secrisa.es\/products\/japan\/\"\n          class=\"c-products__item-link c-link-arrow\">\n          Secritex Nature <span class=\"c-link-arrow__arrow\"><svg width=\"10\" viewBox=\"0 0 10.3 16.5\" class=\"\">\n  <polygon points=\"1.4,16.5 0,15.1 7.4,8.3 0,1.5 1.4,0 10.3,8.3 \"\/>\n<\/svg><\/span>\n        <\/a>\n      <\/article>\n             <article class=\"c-products__item\" data-animate=\"fade-up\">\n        <a target=\"\" href=\"https:\/\/www.secrisa.es\/products\/steel-blanco\/\"\n          class=\"c-products__item-image-link\">\n          <img loading=\"lazy\" decoding=\"async\" width=\"1024\" height=\"962\" src=\"https:\/\/www.secrisa.es\/wp-content\/uploads\/2022\/10\/3@2x-1-1024x962.jpg\" class=\"c-products__item-image\" alt=\"\" data-ratio=\"20\" srcset=\"https:\/\/www.secrisa.es\/wp-content\/uploads\/2022\/10\/3@2x-1-1024x962.jpg 1024w, https:\/\/www.secrisa.es\/wp-content\/uploads\/2022\/10\/3@2x-1-300x282.jpg 300w, https:\/\/www.secrisa.es\/wp-content\/uploads\/2022\/10\/3@2x-1-768x721.jpg 768w, https:\/\/www.secrisa.es\/wp-content\/uploads\/2022\/10\/3@2x-1.jpg 1188w\" sizes=\"auto, (max-width: 1024px) 100vw, 1024px\" \/>\n        <\/a>\n        <a target=\"\" href=\"https:\/\/www.secrisa.es\/products\/steel-blanco\/\"\n          class=\"c-products__item-link c-link-arrow\">\n          Secritex Textile <span class=\"c-link-arrow__arrow\"><svg width=\"10\" viewBox=\"0 0 10.3 16.5\" class=\"\">\n  <polygon points=\"1.4,16.5 0,15.1 7.4,8.3 0,1.5 1.4,0 10.3,8.3 \"\/>\n<\/svg><\/span>\n        <\/a>\n      <\/article>\n             <article class=\"c-products__item\" data-animate=\"fade-up\">\n        <a target=\"\" href=\"https:\/\/www.secrisa.es\/products\/rx90-narrow\/\"\n          class=\"c-products__item-image-link\">\n          <img loading=\"lazy\" decoding=\"async\" width=\"594\" height=\"558\" src=\"https:\/\/www.secrisa.es\/wp-content\/uploads\/2023\/01\/BESPOKE.png\" class=\"c-products__item-image\" alt=\"\" data-ratio=\"20\" srcset=\"https:\/\/www.secrisa.es\/wp-content\/uploads\/2023\/01\/BESPOKE.png 594w, https:\/\/www.secrisa.es\/wp-content\/uploads\/2023\/01\/BESPOKE-300x282.png 300w\" sizes=\"auto, (max-width: 594px) 100vw, 594px\" \/>\n        <\/a>\n        <a target=\"\" href=\"https:\/\/www.secrisa.es\/products\/rx90-narrow\/\"\n          class=\"c-products__item-link c-link-arrow\">\n          Secritex Bespoke <span class=\"c-link-arrow__arrow\"><svg width=\"10\" viewBox=\"0 0 10.3 16.5\" class=\"\">\n  <polygon points=\"1.4,16.5 0,15.1 7.4,8.3 0,1.5 1.4,0 10.3,8.3 \"\/>\n<\/svg><\/span>\n        <\/a>\n      <\/article>\n             <article class=\"c-products__item\" data-animate=\"fade-up\">\n        <a target=\"\" href=\"https:\/\/www.secrisa.es\/products\/antique-silver\/\"\n          class=\"c-products__item-image-link\">\n          <img loading=\"lazy\" decoding=\"async\" width=\"594\" height=\"558\" src=\"https:\/\/www.secrisa.es\/wp-content\/uploads\/2023\/01\/ANTIQUE.png\" class=\"c-products__item-image\" alt=\"\" data-ratio=\"20\" srcset=\"https:\/\/www.secrisa.es\/wp-content\/uploads\/2023\/01\/ANTIQUE.png 594w, https:\/\/www.secrisa.es\/wp-content\/uploads\/2023\/01\/ANTIQUE-300x282.png 300w\" sizes=\"auto, (max-width: 594px) 100vw, 594px\" \/>\n        <\/a>\n        <a target=\"\" href=\"https:\/\/www.secrisa.es\/products\/antique-silver\/\"\n          class=\"c-products__item-link c-link-arrow\">\n          Secritex Antique <span class=\"c-link-arrow__arrow\"><svg width=\"10\" viewBox=\"0 0 10.3 16.5\" class=\"\">\n  <polygon points=\"1.4,16.5 0,15.1 7.4,8.3 0,1.5 1.4,0 10.3,8.3 \"\/>\n<\/svg><\/span>\n        <\/a>\n      <\/article>\n          <\/div>\n  <\/div>\n<\/section>\n\n\n<section id=\"\" class=\"c-form alignfull\" style=\"--form-background-color: #bbaa94;\n        --form-color: #fff;\">\n  <div class=\"c-form__wrapper o-container\" data-animate=\"fade-up\">\n    <h3 class=\"c-form__pretitle\">CONTACTA<\/h3>\n    <div class=\"c-form__content\">\n      <h4 class=\"c-form__title\">M\u00e1s que un customer service<\/h4>\n      <div class=\"c-form__text\">\n        <p>\u00abOlvida las llamadas fr\u00edas e impotentes con m\u00fasica molesta de fondo. Preferimos trabajar cada d\u00eda para asistir, recomendar y guiar a los clientes con el fin de satisfacer sus necesidades.<\/p>\n\n<div class=\"wpcf7 no-js\" id=\"wpcf7-f118-o1\" lang=\"en-US\" dir=\"ltr\">\n<div class=\"screen-reader-response\"><p role=\"status\" aria-live=\"polite\" aria-atomic=\"true\"><\/p> <ul><\/ul><\/div>\n<form action=\"\/es\/wp-json\/wp\/v2\/pages\/826#wpcf7-f118-o1\" method=\"post\" class=\"wpcf7-form init\" aria-label=\"Contact form\" novalidate=\"novalidate\" data-status=\"init\">\n<div style=\"display: none;\">\n<input type=\"hidden\" name=\"_wpcf7\" value=\"118\" \/>\n<input type=\"hidden\" name=\"_wpcf7_version\" value=\"5.8.7\" \/>\n<input type=\"hidden\" name=\"_wpcf7_locale\" value=\"en_US\" \/>\n<input type=\"hidden\" name=\"_wpcf7_unit_tag\" value=\"wpcf7-f118-o1\" \/>\n<input type=\"hidden\" name=\"_wpcf7_container_post\" value=\"0\" \/>\n<input type=\"hidden\" name=\"_wpcf7_posted_data_hash\" value=\"\" \/>\n<\/div>\n<p><span class=\"wpcf7-form-control-wrap\" data-name=\"your-name\"><input size=\"40\" class=\"wpcf7-form-control wpcf7-text wpcf7-validates-as-required\" aria-required=\"true\" aria-invalid=\"false\" placeholder=\"Name\" value=\"\" type=\"text\" name=\"your-name\" \/><\/span>\n<\/p>\n<p><span class=\"wpcf7-form-control-wrap\" data-name=\"your-email\"><input size=\"40\" class=\"wpcf7-form-control wpcf7-email wpcf7-validates-as-required wpcf7-text wpcf7-validates-as-email\" aria-required=\"true\" aria-invalid=\"false\" placeholder=\"Email\" value=\"\" type=\"email\" name=\"your-email\" \/><\/span>\n<\/p>\n<p><span class=\"wpcf7-form-control-wrap\" data-name=\"your-message\"><textarea cols=\"40\" rows=\"10\" class=\"wpcf7-form-control wpcf7-textarea\" aria-invalid=\"false\" placeholder=\"Concept\" name=\"your-message\"><\/textarea><\/span>\n<\/p>\n<p><input class=\"wpcf7-form-control wpcf7-submit has-spinner\" type=\"submit\" value=\"Send\" \/>\n<\/p><div class=\"wpcf7-response-output\" aria-hidden=\"true\"><\/div>\n<\/form>\n<\/div>\n\n\n      <\/div>\n              <div class=\"c-form__phone\">\n          <span class=\"c-form__phone-label\">Tel\u00e9fono<\/span>983 30 82 44 <svg xmlns=\"http:\/\/www.w3.org\/2000\/svg\" width=\"39\" height=\"39\" viewBox=\"0 0 39 39\" class=\"\">\n    <g fill=\"none\" fill-rule=\"evenodd\">\n        <path d=\"M38.085 29.48c-.709-.568-4.183-2.912-6.522-4.475-.709-.497-1.276-.852-1.56-1.065-.425-.285-.85-.427-1.204-.427-1.064 0-1.56.995-1.702 1.35-1.063 1.99-2.126 3.126-2.623 3.126-.85-.497-4.607-4.191-6.947-6.536-2.34-2.344-6.025-6.038-6.522-6.961v-.142c.213-.569 1.489-1.634 3.12-2.487.708-.355 1.134-.852 1.276-1.35.141-.497 0-.994-.426-1.562-.141-.213-.567-.781-.992-1.492-1.489-2.202-3.9-5.825-4.466-6.535C9.162.497 8.737 0 8.028 0c-.354 0-.709.142-1.205.284L6.61.355c-1.134.355-2.056.782-3.757 2.487C.443 5.257-1.4 8.382 1.435 15.06c2.552 6.038 9.216 12.716 9.5 13 .283.284 7.018 6.962 12.972 9.52 2.269.994 4.183 1.42 5.884 1.42 3.049 0 4.963-1.492 6.239-2.842 1.701-1.705 2.126-2.628 2.48-3.765l.072-.213c.495-.994.779-1.705-.497-2.7zm-.425 2.345-.071.213c-.284.853-.567 1.705-2.198 3.339-1.772 1.776-3.403 2.486-5.458 2.486-1.56 0-3.332-.426-5.459-1.35-5.812-2.486-12.547-9.234-12.618-9.305-.07-.071-6.805-6.82-9.286-12.645C.16 8.88 1.293 6.109 3.704 3.623c1.63-1.634 2.48-1.918 3.331-2.202l.213-.071c.355-.142.638-.213.78-.213.07 0 .213 0 .567.426.567.71 2.977 4.333 4.395 6.464.496.71.85 1.279.993 1.492.141.213.283.426.212.64-.07.213-.283.426-.708.639-.993.497-3.261 1.847-3.687 3.196-.141.356-.07.71.071 1.066.71 1.279 6.097 6.607 6.735 7.175.567.64 5.884 6.038 7.16 6.749.212.07.425.142.638.142 1.418 0 2.835-2.345 3.615-3.766.425-.781.709-.852 1.276-.497.284.142.85.569 1.56 1.066 2.126 1.42 5.742 3.836 6.45 4.404.638.498.638.569.355 1.492z\" fill=\"#FFF\" fill-rule=\"nonzero\"\/>\n    <\/g>\n<\/svg>\n        <\/div>\n          <\/div>\n  <\/div>\n<\/section>\n","protected":false},"excerpt":{"rendered":"","protected":false},"author":1,"featured_media":0,"parent":0,"menu_order":0,"comment_status":"closed","ping_status":"closed","template":"","meta":{"_acf_changed":false,"footnotes":""},"class_list":["post-826","page","type-page","status-publish","hentry"],"acf":[],"yoast_head":"<!-- This site is optimized with the Yoast SEO plugin v22.0 - https:\/\/yoast.com\/wordpress\/plugins\/seo\/ -->\n<title>Productos - Secrisa<\/title>\n<meta name=\"robots\" content=\"index, follow, max-snippet:-1, max-image-preview:large, max-video-preview:-1\" \/>\n<link rel=\"canonical\" href=\"https:\/\/www.secrisa.es\/es\/productos\/\" \/>\n<meta property=\"og:locale\" content=\"es_ES\" \/>\n<meta property=\"og:type\" content=\"article\" \/>\n<meta property=\"og:title\" content=\"Productos - Secrisa\" \/>\n<meta property=\"og:url\" content=\"https:\/\/www.secrisa.es\/es\/productos\/\" \/>\n<meta property=\"og:site_name\" content=\"Secrisa\" \/>\n<meta property=\"article:modified_time\" content=\"2024-02-08T15:33:30+00:00\" \/>\n<meta name=\"twitter:card\" content=\"summary_large_image\" \/>\n<script type=\"application\/ld+json\" class=\"yoast-schema-graph\">{\"@context\":\"https:\/\/schema.org\",\"@graph\":[{\"@type\":\"WebPage\",\"@id\":\"https:\/\/www.secrisa.es\/es\/productos\/\",\"url\":\"https:\/\/www.secrisa.es\/es\/productos\/\",\"name\":\"Productos - Secrisa\",\"isPartOf\":{\"@id\":\"https:\/\/www.secrisa.es\/es\/#website\"},\"datePublished\":\"2022-10-24T09:12:00+00:00\",\"dateModified\":\"2024-02-08T15:33:30+00:00\",\"breadcrumb\":{\"@id\":\"https:\/\/www.secrisa.es\/es\/productos\/#breadcrumb\"},\"inLanguage\":\"es\",\"potentialAction\":[{\"@type\":\"ReadAction\",\"target\":[\"https:\/\/www.secrisa.es\/es\/productos\/\"]}]},{\"@type\":\"BreadcrumbList\",\"@id\":\"https:\/\/www.secrisa.es\/es\/productos\/#breadcrumb\",\"itemListElement\":[{\"@type\":\"ListItem\",\"position\":1,\"name\":\"Home\",\"item\":\"https:\/\/www.secrisa.es\/es\/\"},{\"@type\":\"ListItem\",\"position\":2,\"name\":\"Productos\"}]},{\"@type\":\"WebSite\",\"@id\":\"https:\/\/www.secrisa.es\/es\/#website\",\"url\":\"https:\/\/www.secrisa.es\/es\/\",\"name\":\"Secrisa\",\"description\":\"Enabling artists to use glass as a canvas\",\"publisher\":{\"@id\":\"https:\/\/www.secrisa.es\/es\/#organization\"},\"potentialAction\":[{\"@type\":\"SearchAction\",\"target\":{\"@type\":\"EntryPoint\",\"urlTemplate\":\"https:\/\/www.secrisa.es\/es\/?s={search_term_string}\"},\"query-input\":\"required name=search_term_string\"}],\"inLanguage\":\"es\"},{\"@type\":\"Organization\",\"@id\":\"https:\/\/www.secrisa.es\/es\/#organization\",\"name\":\"Secrisa\",\"url\":\"https:\/\/www.secrisa.es\/es\/\",\"logo\":{\"@type\":\"ImageObject\",\"inLanguage\":\"es\",\"@id\":\"https:\/\/www.secrisa.es\/es\/#\/schema\/logo\/image\/\",\"url\":\"https:\/\/www.secrisa.es\/wp-content\/uploads\/2022\/10\/logo-secrisa@2x.png\",\"contentUrl\":\"https:\/\/www.secrisa.es\/wp-content\/uploads\/2022\/10\/logo-secrisa@2x.png\",\"width\":406,\"height\":48,\"caption\":\"Secrisa\"},\"image\":{\"@id\":\"https:\/\/www.secrisa.es\/es\/#\/schema\/logo\/image\/\"}}]}<\/script>\n<!-- \/ Yoast SEO plugin. -->","yoast_head_json":{"title":"Productos - Secrisa","robots":{"index":"index","follow":"follow","max-snippet":"max-snippet:-1","max-image-preview":"max-image-preview:large","max-video-preview":"max-video-preview:-1"},"canonical":"https:\/\/www.secrisa.es\/es\/productos\/","og_locale":"es_ES","og_type":"article","og_title":"Productos - Secrisa","og_url":"https:\/\/www.secrisa.es\/es\/productos\/","og_site_name":"Secrisa","article_modified_time":"2024-02-08T15:33:30+00:00","twitter_card":"summary_large_image","schema":{"@context":"https:\/\/schema.org","@graph":[{"@type":"WebPage","@id":"https:\/\/www.secrisa.es\/es\/productos\/","url":"https:\/\/www.secrisa.es\/es\/productos\/","name":"Productos - Secrisa","isPartOf":{"@id":"https:\/\/www.secrisa.es\/es\/#website"},"datePublished":"2022-10-24T09:12:00+00:00","dateModified":"2024-02-08T15:33:30+00:00","breadcrumb":{"@id":"https:\/\/www.secrisa.es\/es\/productos\/#breadcrumb"},"inLanguage":"es","potentialAction":[{"@type":"ReadAction","target":["https:\/\/www.secrisa.es\/es\/productos\/"]}]},{"@type":"BreadcrumbList","@id":"https:\/\/www.secrisa.es\/es\/productos\/#breadcrumb","itemListElement":[{"@type":"ListItem","position":1,"name":"Home","item":"https:\/\/www.secrisa.es\/es\/"},{"@type":"ListItem","position":2,"name":"Productos"}]},{"@type":"WebSite","@id":"https:\/\/www.secrisa.es\/es\/#website","url":"https:\/\/www.secrisa.es\/es\/","name":"Secrisa","description":"Enabling artists to use glass as a canvas","publisher":{"@id":"https:\/\/www.secrisa.es\/es\/#organization"},"potentialAction":[{"@type":"SearchAction","target":{"@type":"EntryPoint","urlTemplate":"https:\/\/www.secrisa.es\/es\/?s={search_term_string}"},"query-input":"required name=search_term_string"}],"inLanguage":"es"},{"@type":"Organization","@id":"https:\/\/www.secrisa.es\/es\/#organization","name":"Secrisa","url":"https:\/\/www.secrisa.es\/es\/","logo":{"@type":"ImageObject","inLanguage":"es","@id":"https:\/\/www.secrisa.es\/es\/#\/schema\/logo\/image\/","url":"https:\/\/www.secrisa.es\/wp-content\/uploads\/2022\/10\/logo-secrisa@2x.png","contentUrl":"https:\/\/www.secrisa.es\/wp-content\/uploads\/2022\/10\/logo-secrisa@2x.png","width":406,"height":48,"caption":"Secrisa"},"image":{"@id":"https:\/\/www.secrisa.es\/es\/#\/schema\/logo\/image\/"}}]}},"_links":{"self":[{"href":"https:\/\/www.secrisa.es\/es\/wp-json\/wp\/v2\/pages\/826","targetHints":{"allow":["GET"]}}],"collection":[{"href":"https:\/\/www.secrisa.es\/es\/wp-json\/wp\/v2\/pages"}],"about":[{"href":"https:\/\/www.secrisa.es\/es\/wp-json\/wp\/v2\/types\/page"}],"author":[{"embeddable":true,"href":"https:\/\/www.secrisa.es\/es\/wp-json\/wp\/v2\/users\/1"}],"replies":[{"embeddable":true,"href":"https:\/\/www.secrisa.es\/es\/wp-json\/wp\/v2\/comments?post=826"}],"version-history":[{"count":3,"href":"https:\/\/www.secrisa.es\/es\/wp-json\/wp\/v2\/pages\/826\/revisions"}],"predecessor-version":[{"id":870,"href":"https:\/\/www.secrisa.es\/es\/wp-json\/wp\/v2\/pages\/826\/revisions\/870"}],"wp:attachment":[{"href":"https:\/\/www.secrisa.es\/es\/wp-json\/wp\/v2\/media?parent=826"}],"curies":[{"name":"wp","href":"https:\/\/api.w.org\/{rel}","templated":true}]}}